{"id":9,"date":"2017-09-12T16:21:47","date_gmt":"2017-09-12T13:21:47","guid":{"rendered":"http:\/\/www.tenay.com.tr\/?page_id=9"},"modified":"2024-06-14T21:48:28","modified_gmt":"2024-06-14T18:48:28","slug":"bize-ulasin","status":"publish","type":"page","link":"https:\/\/www.tenay.com.tr\/en\/bize-ulasin\/","title":{"rendered":"Contact"},"content":{"rendered":"<p style=\"text-align: left;\"><strong style=\"color: #ff6600;\">Tenay Medikal ve Yaz\u0131l\u0131m Donan\u0131m San.ve Tic.Ltd.\u015eti.<img loading=\"lazy\" decoding=\"async\" class=\" wp-image-90 alignleft\" src=\"http:\/\/www.tenay.com.tr\/wp-content\/uploads\/2017\/09\/creare-un-blog-300x226.jpg\" alt=\"\" width=\"182\" height=\"137\" srcset=\"https:\/\/www.tenay.com.tr\/wp-content\/uploads\/2017\/09\/creare-un-blog-300x226.jpg 300w, https:\/\/www.tenay.com.tr\/wp-content\/uploads\/2017\/09\/creare-un-blog.jpg 693w\" sizes=\"auto, (max-width: 182px) 100vw, 182px\" \/><\/strong><br \/>\nO\u011fuzlar Mahallesi 1364 Sk. No:2\/11-12 06520\u00a0<strong>Balgat-\u00c7ankaya-ANKARA-TURKEY<\/strong><br \/>\n<strong>Tel:<\/strong> (+90 312) 284 62 68 (pbx)\u00a0 \u00a0 \u00a0\u00a0<strong>Tel:<\/strong> 444 0 528<br \/>\n<strong>GSM:<\/strong> (+90 533) 622 32 93\u00a0 \u00a0 \u00a0<strong>Faks\/Fax:<\/strong> (+90 312) 284 09 12<br \/>\n<strong>E-mail:<\/strong> <a href=\"mailto:tenay@tenay.com.tr\">tenay@tenay.com.tr <\/a>\u00a0\u00a0<strong>Human Resources:<\/strong> <a href=\"mailto:ik@tenay.com.tr\">ik@tenay.com.tr\u00a0<\/a>\u00a0 <strong>Support:<\/strong> <a href=\"mailto:destek@tenay.com.tr\">destek@tenay.com.tr<\/a><br \/>\n<strong>Convenient KEP address:<\/strong> <a href=\"mailto:tenaymed@hs01.kep.tr\">tenaymed@hs01.kep.tr<\/a><\/p>\n<p style=\"text-align: left;\"><div class=\"su-divider su-divider-style-default\" style=\"margin:30px 0;border-width:2px;border-color:#f0f1f2\"><\/div>\n<div class=\"su-row\">\n<div class=\"su-column su-column-size-1-2\"><div class=\"su-column-inner su-clearfix\"><iframe loading=\"lazy\" style=\"width: 100%; border: 0;\" src=\"https:\/\/www.google.com\/maps\/embed?pb=!1m18!1m12!1m3!1d3061.016901279773!2d32.81833961579294!3d39.89625387942905!2m3!1f0!2f0!3f0!3m2!1i1024!2i768!4f13.1!3m3!1m2!1s0x14d345dd43089fff%3A0xe90514d4dcb34082!2zVGVuYXkgWWF6xLFsxLFt!5e0!3m2!1str!2s!4v1505311896596\" width=\"600\" height=\"770\" frameborder=\"0\" allowfullscreen=\"allowfullscreen\" data-mce-fragment=\"1\">&lt;span data-mce-type=&#8221;bookmark&#8221; style=&#8221;display: inline-block; width: 0px; overflow: hidden; line-height: 0;&#8221; class=&#8221;mce_SELRES_start&#8221;&gt;\ufeff&lt;\/span&gt;<\/iframe><\/p>\n<\/div><\/div>\n<div class=\"su-column su-column-size-1-2\"><div class=\"su-column-inner su-clearfix\"> <div role=\"form\" class=\"wpcf7\" id=\"wpcf7-f502-o2\" lang=\"tr-TR\" dir=\"ltr\">\n<div class=\"screen-reader-response\"><\/div>\n<form action=\"\/en\/wp-json\/wp\/v2\/pages\/9#wpcf7-f502-o2\" method=\"post\" class=\"wpcf7-form\" novalidate=\"novalidate\">\n<div style=\"display: none;\">\n<input type=\"hidden\" name=\"_wpcf7\" value=\"502\" \/>\n<input type=\"hidden\" name=\"_wpcf7_version\" value=\"5.0.2\" \/>\n<input type=\"hidden\" name=\"_wpcf7_locale\" value=\"tr_TR\" \/>\n<input type=\"hidden\" name=\"_wpcf7_unit_tag\" value=\"wpcf7-f502-o2\" \/>\n<input type=\"hidden\" name=\"_wpcf7_container_post\" value=\"0\" \/>\n<\/div>\n<p><label> Your Name (required)<br \/>\n    <span class=\"wpcf7-form-control-wrap your-name\"><input type=\"text\" name=\"your-name\" value=\"\" size=\"40\" class=\"wpcf7-form-control wpcf7-text wpcf7-validates-as-required\" aria-required=\"true\" aria-invalid=\"false\" \/><\/span> <\/label><\/p>\n<p><label> Your Email (required)<br \/>\n    <span class=\"wpcf7-form-control-wrap your-email\"><input type=\"email\" name=\"your-email\" value=\"\" size=\"40\" class=\"wpcf7-form-control wpcf7-text wpcf7-email wpcf7-validates-as-required wpcf7-validates-as-email\" aria-required=\"true\" aria-invalid=\"false\" \/><\/span> <\/label><\/p>\n<p><label> Subject<br \/>\n    <span class=\"wpcf7-form-control-wrap your-subject\"><input type=\"text\" name=\"your-subject\" value=\"\" size=\"40\" class=\"wpcf7-form-control wpcf7-text\" aria-invalid=\"false\" \/><\/span> <\/label><\/p>\n<p><label> Your Telephone Number<br \/>\n    <span class=\"wpcf7-form-control-wrap Cep\"><input type=\"tel\" name=\"Cep\" value=\"\" size=\"40\" class=\"wpcf7-form-control wpcf7-text wpcf7-tel wpcf7-validates-as-required wpcf7-validates-as-tel\" aria-required=\"true\" aria-invalid=\"false\" \/><\/span> <\/label><\/p>\n<p><label> Your Message<br \/>\n    <span class=\"wpcf7-form-control-wrap your-message\"><textarea name=\"your-message\" cols=\"40\" rows=\"10\" class=\"wpcf7-form-control wpcf7-textarea\" aria-invalid=\"false\"><\/textarea><\/span> <\/label><\/p>\n<div class=\"wpcf7-form-control-wrap\"><div data-sitekey=\"6LdxrjsUAAAAAOrey2ZkgQVj1W1ScyD4-zlqVUgM\" class=\"wpcf7-form-control g-recaptcha wpcf7-recaptcha\"><\/div>\n<noscript>\n\t<div style=\"width: 302px; height: 422px;\">\n\t\t<div style=\"width: 302px; height: 422px; position: relative;\">\n\t\t\t<div style=\"width: 302px; height: 422px; position: absolute;\">\n\t\t\t\t<iframe src=\"https:\/\/www.google.com\/recaptcha\/api\/fallback?k=6LdxrjsUAAAAAOrey2ZkgQVj1W1ScyD4-zlqVUgM\" frameborder=\"0\" scrolling=\"no\" style=\"width: 302px; height:422px; border-style: none;\">\n\t\t\t\t<\/iframe>\n\t\t\t<\/div>\n\t\t\t<div style=\"width: 300px; height: 60px; border-style: none; bottom: 12px; left: 25px; margin: 0px; padding: 0px; right: 25px; background: #f9f9f9; border: 1px solid #c1c1c1; border-radius: 3px;\">\n\t\t\t\t<textarea id=\"g-recaptcha-response\" name=\"g-recaptcha-response\" class=\"g-recaptcha-response\" style=\"width: 250px; height: 40px; border: 1px solid #c1c1c1; margin: 10px 25px; padding: 0px; resize: none;\">\n\t\t\t\t<\/textarea>\n\t\t\t<\/div>\n\t\t<\/div>\n\t<\/div>\n<\/noscript>\n<\/div>\n<p><input type=\"submit\" value=\"Send\" class=\"wpcf7-form-control wpcf7-submit\" \/><\/p>\n<div class=\"wpcf7-response-output wpcf7-display-none\"><\/div><\/form><\/div> <\/div><\/div>\n<\/div>\n<div style=\"text-align: center;\"><\/div>","protected":false},"excerpt":{"rendered":"<p>Tenay Medikal ve Yaz\u0131l\u0131m Donan\u0131m San.ve Tic.Ltd.\u015eti. O\u011fuzlar Mahallesi 1364 Sk. No:2\/11-12 06520\u00a0Balgat-\u00c7ankaya-ANKARA-TURKEY Tel: (+90 312) 284 62 68 (pbx)\u00a0 \u00a0 \u00a0\u00a0Tel: 444 0 528 GSM: (+90 533) 622 32 93\u00a0 \u00a0 \u00a0Faks\/Fax: (+90 312) 284 09 12 E-mail: tenay@tenay.com.tr \u00a0\u00a0Human Resources: ik@tenay.com.tr\u00a0\u00a0 Support: destek@tenay.com.tr Convenient KEP address: tenaymed@hs01.kep.tr<\/p>\n","protected":false},"author":1,"featured_media":0,"parent":0,"menu_order":6,"comment_status":"closed","ping_status":"closed","template":"","meta":{"footnotes":""},"class_list":["post-9","page","type-page","status-publish","hentry"],"_links":{"self":[{"href":"https:\/\/www.tenay.com.tr\/en\/wp-json\/wp\/v2\/pages\/9","targetHints":{"allow":["GET"]}}],"collection":[{"href":"https:\/\/www.tenay.com.tr\/en\/wp-json\/wp\/v2\/pages"}],"about":[{"href":"https:\/\/www.tenay.com.tr\/en\/wp-json\/wp\/v2\/types\/page"}],"author":[{"embeddable":true,"href":"https:\/\/www.tenay.com.tr\/en\/wp-json\/wp\/v2\/users\/1"}],"replies":[{"embeddable":true,"href":"https:\/\/www.tenay.com.tr\/en\/wp-json\/wp\/v2\/comments?post=9"}],"version-history":[{"count":46,"href":"https:\/\/www.tenay.com.tr\/en\/wp-json\/wp\/v2\/pages\/9\/revisions"}],"predecessor-version":[{"id":648,"href":"https:\/\/www.tenay.com.tr\/en\/wp-json\/wp\/v2\/pages\/9\/revisions\/648"}],"wp:attachment":[{"href":"https:\/\/www.tenay.com.tr\/en\/wp-json\/wp\/v2\/media?parent=9"}],"curies":[{"name":"wp","href":"https:\/\/api.w.org\/{rel}","templated":true}]}}