{"id":54,"date":"2017-09-12T17:02:29","date_gmt":"2017-09-12T14:02:29","guid":{"rendered":"http:\/\/www.tenay.com.tr\/?page_id=54"},"modified":"2020-02-12T14:23:36","modified_gmt":"2020-02-12T11:23:36","slug":"baglantilar","status":"publish","type":"page","link":"https:\/\/www.tenay.com.tr\/en\/baglantilar\/","title":{"rendered":"Links"},"content":{"rendered":"<p style=\"text-align: center;\"><span style=\"color: #000000;\"><a href=\"http:\/\/www.saglik.gov.tr\" target=\"_blank\" rel=\"noopener\"><b>Sa\u011fl\u0131k Bakanl\u0131\u011f\u0131<\/b><\/a><\/span><\/p>\n<p style=\"text-align: center;\"><span style=\"color: #000000;\"><a href=\"http:\/\/www.turkmia.org\/\" target=\"_blank\" rel=\"noopener\"><b>ST\u0131p Bili\u015fimi Derne\u011fi<\/b><\/a><\/span><\/p>\n<p style=\"text-align: center;\"><span style=\"color: #000000;\"><a href=\"http:\/\/www.hl7.org\" target=\"_blank\" rel=\"noopener\"><b>SHL7 (Health Level 7)<\/b><\/a><\/span><\/p>\n<p style=\"text-align: center;\"><span style=\"color: #000000;\"><a href=\"https:\/\/skrs3.sagliknet.saglik.gov.tr\/faces\/gui-skrs-000.jspx?_adf.ctrl-state=fk6mirr2m_7\"><b>SKRS<\/b><\/a><\/span><\/p>\n<p style=\"text-align: center;\"><strong><span style=\"color: #000000;\"><a href=\"http:\/\/www.goldenhorn-rotary.com\/ercu\/ERCU_FLASH_tur.html\" target=\"_blank\" rel=\"noopener\"><img loading=\"lazy\" decoding=\"async\" class=\"wp-image-96 aligncenter\" src=\"http:\/\/www.tenay.com.tr\/wp-content\/uploads\/2017\/09\/turkiye_tanitimi.gif\" alt=\"\" width=\"523\" height=\"288\" \/><\/a><\/span><\/strong><\/p>\n<p style=\"text-align: center;\"><strong><a href=\"http:\/\/www.goldenhorn-rotary.com\/ercu\/ERCU_FLASH_tur.html\" target=\"_blank\" rel=\"noopener\"><b>T\u00fcrk\u00e7e<\/b><\/a> &#8211; <a href=\"http:\/\/www.goldenhorn-rotary.com\/ercu\/ERCU_FLASH_eng.html\" target=\"_blank\" rel=\"noopener\"><b>English<\/b><\/a> &#8211; <a href=\"http:\/\/www.goldenhorn-rotary.com\/ercu\/ERCU_FLASH_ger.html\" target=\"_blank\" rel=\"noopener\"><b>Deutsch<\/b><\/a> &#8211; <a href=\"http:\/\/www.goldenhorn-rotary.com\/ercu\/ERCU_FLASH_fra.html\" target=\"_blank\" rel=\"noopener\"><b>Francais<\/b><\/a> &#8211; <a href=\"http:\/\/www.goldenhorn-rotary.com\/ercu\/ERCU_FLASH_ita.html\" target=\"_blank\" rel=\"noopener\"><b>Italiano<\/b><\/a><\/strong><\/p>","protected":false},"excerpt":{"rendered":"<p>Sa\u011fl\u0131k Bakanl\u0131\u011f\u0131 ST\u0131p Bili\u015fimi Derne\u011fi SHL7 (Health Level 7) SKRS T\u00fcrk\u00e7e &#8211; English &#8211; Deutsch &#8211; Francais &#8211; Italiano<\/p>\n","protected":false},"author":1,"featured_media":0,"parent":0,"menu_order":5,"comment_status":"closed","ping_status":"closed","template":"","meta":{"footnotes":""},"class_list":["post-54","page","type-page","status-publish","hentry"],"_links":{"self":[{"href":"https:\/\/www.tenay.com.tr\/en\/wp-json\/wp\/v2\/pages\/54","targetHints":{"allow":["GET"]}}],"collection":[{"href":"https:\/\/www.tenay.com.tr\/en\/wp-json\/wp\/v2\/pages"}],"about":[{"href":"https:\/\/www.tenay.com.tr\/en\/wp-json\/wp\/v2\/types\/page"}],"author":[{"embeddable":true,"href":"https:\/\/www.tenay.com.tr\/en\/wp-json\/wp\/v2\/users\/1"}],"replies":[{"embeddable":true,"href":"https:\/\/www.tenay.com.tr\/en\/wp-json\/wp\/v2\/comments?post=54"}],"version-history":[{"count":19,"href":"https:\/\/www.tenay.com.tr\/en\/wp-json\/wp\/v2\/pages\/54\/revisions"}],"predecessor-version":[{"id":595,"href":"https:\/\/www.tenay.com.tr\/en\/wp-json\/wp\/v2\/pages\/54\/revisions\/595"}],"wp:attachment":[{"href":"https:\/\/www.tenay.com.tr\/en\/wp-json\/wp\/v2\/media?parent=54"}],"curies":[{"name":"wp","href":"https:\/\/api.w.org\/{rel}","templated":true}]}}