{"id":525,"date":"2017-11-16T17:06:48","date_gmt":"2017-11-16T14:06:48","guid":{"rendered":"http:\/\/www.tenay.com.tr\/?page_id=525"},"modified":"2017-12-06T17:30:24","modified_gmt":"2017-12-06T14:30:24","slug":"genetik-laboratuvari-bilgi-sistemi","status":"publish","type":"page","link":"https:\/\/www.tenay.com.tr\/en\/urunler\/genetik-laboratuvari-bilgi-sistemi\/","title":{"rendered":"Genetik Laboratuvar\u0131 Bilgi Sistemi"},"content":{"rendered":"<p style=\"text-align: justify;\">Genetik laboratuvar\u0131 bilgi sistemi, genetik ve HLA laboratuvarlar\u0131nda y\u00fcr\u00fct\u00fclen, Molek\u00fcler Genetik, Konvansiyonel Sitogenetik,PGT, NIPT,Karyotipleme, Doku Tipleme, CrossMatch gibi t\u00fcm s\u00fcre\u00e7lerin kabul a\u015famas\u0131ndan raporlanmas\u0131na kadar olan t\u00fcm s\u00fcre\u00e7lerin takibini sa\u011flayan, her kurumun test veya mod\u00fcl baz\u0131nda kendini\u00a0i\u015f ak\u0131\u015f\u0131n\u0131 olu\u015fturabilece\u011fi i\u015f ak\u0131\u015f\u0131 bazl\u0131 bir bilgi sistemidir. Uygulama deste\u011fi olan laboratuvar cihazlar\u0131 ile entegre olabilir.<\/p>","protected":false},"excerpt":{"rendered":"<p>Genetik laboratuvar\u0131 bilgi sistemi, genetik ve HLA laboratuvarlar\u0131nda y\u00fcr\u00fct\u00fclen, Molek\u00fcler Genetik, Konvansiyonel Sitogenetik,PGT, NIPT,Karyotipleme, Doku Tipleme, CrossMatch gibi t\u00fcm s\u00fcre\u00e7lerin kabul a\u015famas\u0131ndan raporlanmas\u0131na kadar olan t\u00fcm s\u00fcre\u00e7lerin takibini sa\u011flayan, her kurumun test veya mod\u00fcl baz\u0131nda kendini\u00a0i\u015f ak\u0131\u015f\u0131n\u0131 olu\u015fturabilece\u011fi i\u015f ak\u0131\u015f\u0131 bazl\u0131 bir bilgi sistemidir. Uygulama deste\u011fi olan laboratuvar cihazlar\u0131 ile entegre olabilir.<\/p>\n","protected":false},"author":1,"featured_media":0,"parent":46,"menu_order":3,"comment_status":"closed","ping_status":"closed","template":"","meta":{"footnotes":""},"class_list":["post-525","page","type-page","status-publish","hentry"],"_links":{"self":[{"href":"https:\/\/www.tenay.com.tr\/en\/wp-json\/wp\/v2\/pages\/525","targetHints":{"allow":["GET"]}}],"collection":[{"href":"https:\/\/www.tenay.com.tr\/en\/wp-json\/wp\/v2\/pages"}],"about":[{"href":"https:\/\/www.tenay.com.tr\/en\/wp-json\/wp\/v2\/types\/page"}],"author":[{"embeddable":true,"href":"https:\/\/www.tenay.com.tr\/en\/wp-json\/wp\/v2\/users\/1"}],"replies":[{"embeddable":true,"href":"https:\/\/www.tenay.com.tr\/en\/wp-json\/wp\/v2\/comments?post=525"}],"version-history":[{"count":3,"href":"https:\/\/www.tenay.com.tr\/en\/wp-json\/wp\/v2\/pages\/525\/revisions"}],"predecessor-version":[{"id":544,"href":"https:\/\/www.tenay.com.tr\/en\/wp-json\/wp\/v2\/pages\/525\/revisions\/544"}],"up":[{"embeddable":true,"href":"https:\/\/www.tenay.com.tr\/en\/wp-json\/wp\/v2\/pages\/46"}],"wp:attachment":[{"href":"https:\/\/www.tenay.com.tr\/en\/wp-json\/wp\/v2\/media?parent=525"}],"curies":[{"name":"wp","href":"https:\/\/api.w.org\/{rel}","templated":true}]}}