{"id":246,"date":"2017-09-15T10:32:05","date_gmt":"2017-09-15T07:32:05","guid":{"rendered":"http:\/\/www.tenay.com.tr\/?page_id=246"},"modified":"2017-09-15T15:32:45","modified_gmt":"2017-09-15T12:32:45","slug":"teknik-ozellikler","status":"publish","type":"page","link":"https:\/\/www.tenay.com.tr\/en\/urunler\/laboratuvar-bilgi-sistemi\/teknik-ozellikler\/","title":{"rendered":"Technicial Specifications"},"content":{"rendered":"<span class=\"mor_yazi\"><strong> LAB AS\u0130STAN TEKN\u0130K \u00d6ZELL\u0130KLER\u0130<\/strong><\/span><\/p>\n<ul class=\"yazi\">\n<li>LAB Asistan ve QC Asistan yaz\u0131l\u0131mlar\u0131 Delphi ile geli\u015ftirilmi\u015f olup, Windows 9X\/NT\/2000\/Me platformlar\u0131nda \u00e7al\u0131\u015f\u0131r.<\/li>\n<li>SQL tabanl\u0131 bir veri taban\u0131 kullanabilir. \u00c7al\u0131\u015fan s\u00fcr\u00fcmler:\n<ul>\n<li>Oracle Workgroup Server 7.3<\/li>\n<li>Oracle 8i Standart Edition<\/li>\n<li>Interbase 4.2, 5.0, 5.6, 6.0<\/li>\n<\/ul>\n<\/li>\n<\/ul>\n<ul class=\"yazi\">\n<li>Hastane Bilgi Sistemi (HIS) Entegrasyonlar\u0131\n<ul>\n<li>HL7 (Health Level 7)<\/li>\n<li>Veritabanlar\u0131ndaki ge\u00e7ici tablolar arac\u0131l\u0131\u011f\u0131yla<\/li>\n<li>Text bazl\u0131<\/li>\n<\/ul>\n<\/li>\n<li>Cihaz ba\u011flant\u0131lar\u0131\n<ul>\n<li>RS-232 portlar veya network \u00fczerinden ba\u011flant\u0131<\/li>\n<li>ASTM 1394-91 veya her bir \u00fcretici firman\u0131n kendi protokolleri ile<\/li>\n<\/ul>\n<\/li>\n<\/ul>\n<p>&nbsp;","protected":false},"excerpt":{"rendered":"<p>LAB AS\u0130STAN TEKN\u0130K \u00d6ZELL\u0130KLER\u0130 LAB Asistan ve QC Asistan yaz\u0131l\u0131mlar\u0131 Delphi ile geli\u015ftirilmi\u015f olup, Windows 9X\/NT\/2000\/Me platformlar\u0131nda \u00e7al\u0131\u015f\u0131r. SQL tabanl\u0131 bir veri taban\u0131 kullanabilir. \u00c7al\u0131\u015fan s\u00fcr\u00fcmler: Oracle Workgroup Server 7.3 Oracle 8i Standart Edition Interbase 4.2, 5.0, 5.6, 6.0 Hastane Bilgi Sistemi (HIS) Entegrasyonlar\u0131 HL7 (Health Level 7) Veritabanlar\u0131ndaki ge\u00e7ici tablolar arac\u0131l\u0131\u011f\u0131yla Text bazl\u0131 Cihaz [&hellip;]<\/p>\n","protected":false},"author":1,"featured_media":0,"parent":124,"menu_order":1,"comment_status":"closed","ping_status":"closed","template":"","meta":{"footnotes":""},"class_list":["post-246","page","type-page","status-publish","hentry"],"_links":{"self":[{"href":"https:\/\/www.tenay.com.tr\/en\/wp-json\/wp\/v2\/pages\/246","targetHints":{"allow":["GET"]}}],"collection":[{"href":"https:\/\/www.tenay.com.tr\/en\/wp-json\/wp\/v2\/pages"}],"about":[{"href":"https:\/\/www.tenay.com.tr\/en\/wp-json\/wp\/v2\/types\/page"}],"author":[{"embeddable":true,"href":"https:\/\/www.tenay.com.tr\/en\/wp-json\/wp\/v2\/users\/1"}],"replies":[{"embeddable":true,"href":"https:\/\/www.tenay.com.tr\/en\/wp-json\/wp\/v2\/comments?post=246"}],"version-history":[{"count":2,"href":"https:\/\/www.tenay.com.tr\/en\/wp-json\/wp\/v2\/pages\/246\/revisions"}],"predecessor-version":[{"id":349,"href":"https:\/\/www.tenay.com.tr\/en\/wp-json\/wp\/v2\/pages\/246\/revisions\/349"}],"up":[{"embeddable":true,"href":"https:\/\/www.tenay.com.tr\/en\/wp-json\/wp\/v2\/pages\/124"}],"wp:attachment":[{"href":"https:\/\/www.tenay.com.tr\/en\/wp-json\/wp\/v2\/media?parent=246"}],"curies":[{"name":"wp","href":"https:\/\/api.w.org\/{rel}","templated":true}]}}