{"id":244,"date":"2017-09-15T10:31:33","date_gmt":"2017-09-15T07:31:33","guid":{"rendered":"http:\/\/www.tenay.com.tr\/?page_id=244"},"modified":"2017-09-15T15:28:27","modified_gmt":"2017-09-15T12:28:27","slug":"calisma-prensibi","status":"publish","type":"page","link":"https:\/\/www.tenay.com.tr\/en\/urunler\/laboratuvar-bilgi-sistemi\/calisma-prensibi\/","title":{"rendered":"Working Principle"},"content":{"rendered":"<p><strong>LAB AS\u0130STAN \u00c7ALISMA PRENS\u0130B\u0130<\/strong><\/p>\n<p class=\"yazi\"><strong>\u00d6rnek Kabul: <\/strong>Hastalar\u0131n \u00f6rnekleri laboratuara ula\u015ft\u0131\u011f\u0131nda, kimlik bilgileri ve hastalardan istenen tetkikler sisteme y\u00fcklenir. Hastadan al\u0131nan her bir \u00f6rnek t\u00fcp\u00fcn\u00fcn \u00fczerine bir barkod etiketi yap\u0131\u015ft\u0131r\u0131l\u0131r. Bu barkod etiketi yaln\u0131zca o \u00f6rne\u011fi ifade eder.<\/p>\n<p class=\"yazi\">\u00d6rne\u011fin Recep G\u00fcl\u015fen adl\u0131 hastadan CBC, biyokimya, hormon ve idrar i\u00e7in \u00f6rnek al\u0131ns\u0131n. Bu \u00f6rneklerin hepsine, hastan\u0131n laboratuara o geli\u015fini ifade eden 12345 numaral\u0131 barkod etiketi yap\u0131\u015ft\u0131r\u0131l\u0131r.<\/p>\n<p class=\"yazi\"><strong>El ile \u00e7al\u0131\u015f\u0131lan testler: <\/strong>Bu testler i\u00e7in otomatik \u00e7al\u0131\u015fma listeleri al\u0131n\u0131r ve \u00e7al\u0131\u015fmas\u0131 tamamland\u0131ktan sonra el ile sonu\u00e7lar\u0131 girilir.<\/p>\n<p class=\"yazi\">El ile sedimentasyon \u00e7al\u0131\u015fmakta olan A teknisyeni, sedimentasyon \u00e7al\u0131\u015faca\u011f\u0131 hastalar\u0131n listesini al\u0131r ve \u00e7al\u0131\u015fmas\u0131n\u0131 yapar. Sonu\u00e7lar \u00e7\u0131k\u0131nca sonu\u00e7lar\u0131 tek bir formdan sisteme kaydeder.<\/p>\n<p class=\"yazi\"><strong>Otomatik cihazlarda \u00e7al\u0131\u015f\u0131lan testler: <\/strong>T\u00fcp \u00fczerinden barkod etiketini okuyabilen cihazlarda, t\u00fcm i\u015f listeleri LAB Asistan taraf\u0131ndan cihaza yollan\u0131r, b\u00f6ylece cihazda herhangi bir bilgi giri\u015fine gerek kalmaz. T\u00fcpler, direkt olarak herhangi bir pozisyona konur. Gerekli bilgi, cihazlara LAB Asistan taraf\u0131ndan aktar\u0131l\u0131r. Test sonu\u00e7lar\u0131 \u00e7\u0131kt\u0131\u011f\u0131nda, cihazlar sonu\u00e7lar\u0131 otomatik olarak LAB Asistan&#8217;a g\u00f6nderir ve t\u00fcm cihaz i\u015flemleri el de\u011fmeden bitirilmi\u015f olur.<\/p>\n<p class=\"yazi\">Hitachi 747, Hitachi 917, Axsym, Immulite 2000 gibi pozitif \u00f6rnek tan\u0131mlamas\u0131 yapan cihazlarda, \u00f6rnekler primer t\u00fcpler ile birlikte direkt olarak cihaza konulur ve cihaz \u00e7al\u0131\u015ft\u0131r\u0131l\u0131r. Cihaz barkodu okudu\u011funda o \u00f6rnek i\u00e7in gerekli bilgiyi LAB Asistan&#8217;dan al\u0131r ve \u00e7al\u0131\u015fmas\u0131n\u0131 yapar. \u00c7al\u0131\u015fma sonunda sonu\u00e7lar\u0131 da otomatik olarak sisteme yollar.<\/p>\n<p class=\"yazi\"><strong>Sonu\u00e7 kontrol\u00fc ve onay: <\/strong>Sonu\u00e7 alma ve girme i\u015flemlerinin ard\u0131ndan, onay yetkisi olan personel taraf\u0131ndan sonu\u00e7lar kontrol edilir ve gerekiyorsa yeniden \u00e7al\u0131\u015ft\u0131r\u0131ld\u0131ktan sonra onaylan\u0131r. Onays\u0131z \u00f6rnekler, rapor edilemez.<\/p>\n<p><span class=\"yazi\">A hastas\u0131n\u0131n biyokimya testlerinden en az bir tanesi, o hastaya uygun normal de\u011fer aral\u0131klar\u0131n\u0131n i\u00e7inde de\u011filse, bu test sonucu sistem taraf\u0131ndan onays\u0131z olarak kabul edilir ve yetkili kullan\u0131c\u0131 taraf\u0131ndan onaylanana dek rapor edilmez.<\/span><\/p>\n","protected":false},"excerpt":{"rendered":"<p>LAB AS\u0130STAN \u00c7ALISMA PRENS\u0130B\u0130 \u00d6rnek Kabul: Hastalar\u0131n \u00f6rnekleri laboratuara ula\u015ft\u0131\u011f\u0131nda, kimlik bilgileri ve hastalardan istenen tetkikler sisteme y\u00fcklenir. Hastadan al\u0131nan her bir \u00f6rnek t\u00fcp\u00fcn\u00fcn \u00fczerine bir barkod etiketi yap\u0131\u015ft\u0131r\u0131l\u0131r. Bu barkod etiketi yaln\u0131zca o \u00f6rne\u011fi ifade eder. \u00d6rne\u011fin Recep G\u00fcl\u015fen adl\u0131 hastadan CBC, biyokimya, hormon ve idrar i\u00e7in \u00f6rnek al\u0131ns\u0131n. Bu \u00f6rneklerin hepsine, hastan\u0131n laboratuara [&hellip;]<\/p>\n","protected":false},"author":1,"featured_media":0,"parent":124,"menu_order":0,"comment_status":"closed","ping_status":"closed","template":"","meta":{"footnotes":""},"class_list":["post-244","page","type-page","status-publish","hentry"],"_links":{"self":[{"href":"https:\/\/www.tenay.com.tr\/en\/wp-json\/wp\/v2\/pages\/244","targetHints":{"allow":["GET"]}}],"collection":[{"href":"https:\/\/www.tenay.com.tr\/en\/wp-json\/wp\/v2\/pages"}],"about":[{"href":"https:\/\/www.tenay.com.tr\/en\/wp-json\/wp\/v2\/types\/page"}],"author":[{"embeddable":true,"href":"https:\/\/www.tenay.com.tr\/en\/wp-json\/wp\/v2\/users\/1"}],"replies":[{"embeddable":true,"href":"https:\/\/www.tenay.com.tr\/en\/wp-json\/wp\/v2\/comments?post=244"}],"version-history":[{"count":5,"href":"https:\/\/www.tenay.com.tr\/en\/wp-json\/wp\/v2\/pages\/244\/revisions"}],"predecessor-version":[{"id":348,"href":"https:\/\/www.tenay.com.tr\/en\/wp-json\/wp\/v2\/pages\/244\/revisions\/348"}],"up":[{"embeddable":true,"href":"https:\/\/www.tenay.com.tr\/en\/wp-json\/wp\/v2\/pages\/124"}],"wp:attachment":[{"href":"https:\/\/www.tenay.com.tr\/en\/wp-json\/wp\/v2\/media?parent=244"}],"curies":[{"name":"wp","href":"https:\/\/api.w.org\/{rel}","templated":true}]}}