{"id":133,"date":"2017-09-13T14:54:03","date_gmt":"2017-09-13T11:54:03","guid":{"rendered":"http:\/\/www.tenay.com.tr\/?page_id=133"},"modified":"2017-09-15T15:34:40","modified_gmt":"2017-09-15T12:34:40","slug":"kan-merkezi-bilgi-sistemi","status":"publish","type":"page","link":"https:\/\/www.tenay.com.tr\/en\/urunler\/kan-merkezi-bilgi-sistemi\/","title":{"rendered":"Blood Central Information System"},"content":{"rendered":"<strong>Blood Central Information System<\/strong><\/p>\n<ul>\n<li>Teknik \u00d6zellikler<\/li>\n<li>Windows \/Linux sunucu<\/li>\n<li>Oracle veritaban\u0131<\/li>\n<li>Windows 95\/98\/Me\/NT\/2000\/XP \u0130stemci<\/li>\n<\/ul>\n<p><strong>Genel \u00d6zellikler<\/strong><\/p>\n<ul>\n<li>Kullan\u0131c\u0131 yetkilendirmesi<\/li>\n<li>Sistem g\u00fcncesi (log)<\/li>\n<\/ul>\n<p><strong>Hasta takibi<\/strong><\/p>\n<ul>\n<li>Kimlik ve adres bilgileri<\/li>\n<li>TC Kimlik No<\/li>\n<li>Birim ve tan\u0131 takibi<\/li>\n<li>Hasta birle\u015ftirme<\/li>\n<li>Hasta silme<\/li>\n<li>Yap\u0131lan isteklerin takibi<\/li>\n<li>Yap\u0131lan i\u015flem ve tetkiklerin takibi\n<ul>\n<li>Etiketleme\n<ul>\n<li>Numune t\u00fcplerine barkod etiketi<\/li>\n<li>Kan grubu barkodu<\/li>\n<li>Cross-match barkodu<\/li>\n<\/ul>\n<\/li>\n<li>Bilgi\n<ul>\n<li>Hastaya yap\u0131lan cross-match\u2019ler<\/li>\n<li>Hasta i\u00e7in gelen don\u00f6rler<\/li>\n<li>Hastaya \u00e7\u0131k\u0131\u015f\u0131 yap\u0131lan \u00fcr\u00fcnler<\/li>\n<\/ul>\n<\/li>\n<\/ul>\n<\/li>\n<\/ul>\n<p><strong>Laboratuvar<\/strong><\/p>\n<ul>\n<li>Tetkik sonucu giri\u015fi ve takibi<\/li>\n<li>Titre ve sonu\u00e7 de\u011ferlerinin bir arada girilebilmesi<\/li>\n<li>Onaylama mekanizmas\u0131<\/li>\n<li>Cihaz entegrasyonlar\u0131<\/li>\n<li>Yasak sonu\u00e7lar<\/li>\n<\/ul>\n<p><strong>Cross-match<\/strong><\/p>\n<ul>\n<li>Hasta i\u00e7in stoktan \u00fcr\u00fcn se\u00e7imi<\/li>\n<li>Otomatik cross-match numaras\u0131 \u00fcretme<\/li>\n<li>Onay mekanizmas\u0131<\/li>\n<li>Miad verebilme, miad uzatma,yeniden sto\u011fa alma<\/li>\n<\/ul>\n<p><strong>Don\u00f6r Takibi<\/strong><\/p>\n<ul>\n<li>Kimlik ve adres bilgileri<\/li>\n<li>G\u00f6n\u00fcll\u00fc don\u00f6rler<\/li>\n<li>Kan alma durumu (al\u0131nd\u0131, al\u0131namad\u0131, reddedildi,&#8230;)<\/li>\n<li>Reaksiyon durumu<\/li>\n<li>Ba\u011f\u0131\u015f t\u00fcr\u00fc (ba\u011f\u0131\u015f, hasta i\u00e7in,&#8230;)<\/li>\n<li>Muayene bilgileri (ate\u015f, nab\u0131z, &#8230;)<\/li>\n<li>\u201cDon\u00f6r bilgi formu\u201d takibi\n<ul>\n<li>\u00dcr\u00fcnler\n<ul>\n<li>\u00dcr\u00fcn tipine g\u00f6re miad belirlemesi<\/li>\n<li>\u00dcr\u00fcn tarih\u00e7esini takip edebilme<\/li>\n<li>Ard\u0131\u015f\u0131k \u00fcr\u00fcn verebilme s\u00fcresi<\/li>\n<\/ul>\n<\/li>\n<li>Etiketleme\n<ul>\n<li>Numune t\u00fcplerine barkod etiketi<\/li>\n<li>\u00dcr\u00fcn giri\u015f tan\u0131t\u0131m barkodu<\/li>\n<li>\u0130\u015flenmi\u015f haz\u0131r \u00fcr\u00fcn torba barkodu<\/li>\n<\/ul>\n<\/li>\n<li>Cross-match yap\u0131lan hastalar<\/li>\n<\/ul>\n<\/li>\n<\/ul>\n<p><strong>Stok<\/strong><\/p>\n<ul>\n<li>Kan grubu ve \u00fcr\u00fcn tipine g\u00f6re stok takibi<\/li>\n<li>Cross-match yap\u0131lm\u0131\u015f stokta bekleyen \u00fcr\u00fcnler<\/li>\n<li>Cross-macth yap\u0131lm\u0131\u015f ve\/veya sto\u011fa geri al\u0131nm\u0131\u015f \u00fcr\u00fcnler<\/li>\n<\/ul>\n<p><strong>\u00c7\u0131k\u0131\u015f<\/strong><\/p>\n<ul>\n<li>Cross-match numaras\u0131ndan h\u0131zl\u0131 \u00fcr\u00fcn \u00e7\u0131k\u0131\u015f\u0131<\/li>\n<li>\u00dcr\u00fcn \u00e7\u0131k\u0131\u015f\u0131, kan sat\u0131\u015f\u0131, \u0131\u015f\u0131nlama takibi<\/li>\n<li>\u201cTransf\u00fczyon takip formu\u201d takibi<\/li>\n<li>\u0130mha\n<ul>\n<li>Otomatik imha listesi haz\u0131rlama<\/li>\n<li>\u0130mha sebebi belirtebilme<\/li>\n<\/ul>\n<\/li>\n<li>\u00dcr\u00fcn iadesi alabilme<\/li>\n<\/ul>\n<p><strong>Raporlama<\/strong><\/p>\n<ul>\n<li>Hasta, don\u00f6r listeleri<\/li>\n<li>\u00dcr\u00fcn durumu raporu<\/li>\n<li>G\u00f6n\u00fcll\u00fc ve reddedilen don\u00f6rler listesi<\/li>\n<li>Yasak sonu\u00e7lu don\u00f6rlerin listesi<\/li>\n<\/ul>\n<p><strong>\u0130statistik<\/strong><\/p>\n<ul>\n<li>\u00dcr\u00fcnlere g\u00f6re istek da\u011f\u0131l\u0131m\u0131<\/li>\n<li>Birimlere ve\/veya g\u00fcnlere\n<ul>\n<li>\u0130stek da\u011f\u0131l\u0131m\u0131<\/li>\n<li>Yap\u0131lan hizmet da\u011f\u0131l\u0131m\u0131<\/li>\n<\/ul>\n<\/li>\n<li>Ayl\u0131k istatistik (Form 113)<\/li>\n<li>Duruma g\u00f6re da\u011f\u0131l\u0131m<\/li>\n<li>Reaksiyona g\u00f6re da\u011f\u0131l\u0131m<\/li>\n<li>\u0130mha nedenlerine g\u00f6re da\u011f\u0131l\u0131m<\/li>\n<\/ul>","protected":false},"excerpt":{"rendered":"<p>Blood Central Information System Teknik \u00d6zellikler Windows \/Linux sunucu Oracle veritaban\u0131 Windows 95\/98\/Me\/NT\/2000\/XP \u0130stemci Genel \u00d6zellikler Kullan\u0131c\u0131 yetkilendirmesi Sistem g\u00fcncesi (log) Hasta takibi Kimlik ve adres bilgileri TC Kimlik No Birim ve tan\u0131 takibi Hasta birle\u015ftirme Hasta silme Yap\u0131lan isteklerin takibi Yap\u0131lan i\u015flem ve tetkiklerin takibi Etiketleme Numune t\u00fcplerine barkod etiketi Kan grubu barkodu Cross-match [&hellip;]<\/p>\n","protected":false},"author":1,"featured_media":0,"parent":46,"menu_order":4,"comment_status":"closed","ping_status":"closed","template":"","meta":{"footnotes":""},"class_list":["post-133","page","type-page","status-publish","hentry"],"_links":{"self":[{"href":"https:\/\/www.tenay.com.tr\/en\/wp-json\/wp\/v2\/pages\/133","targetHints":{"allow":["GET"]}}],"collection":[{"href":"https:\/\/www.tenay.com.tr\/en\/wp-json\/wp\/v2\/pages"}],"about":[{"href":"https:\/\/www.tenay.com.tr\/en\/wp-json\/wp\/v2\/types\/page"}],"author":[{"embeddable":true,"href":"https:\/\/www.tenay.com.tr\/en\/wp-json\/wp\/v2\/users\/1"}],"replies":[{"embeddable":true,"href":"https:\/\/www.tenay.com.tr\/en\/wp-json\/wp\/v2\/comments?post=133"}],"version-history":[{"count":6,"href":"https:\/\/www.tenay.com.tr\/en\/wp-json\/wp\/v2\/pages\/133\/revisions"}],"predecessor-version":[{"id":355,"href":"https:\/\/www.tenay.com.tr\/en\/wp-json\/wp\/v2\/pages\/133\/revisions\/355"}],"up":[{"embeddable":true,"href":"https:\/\/www.tenay.com.tr\/en\/wp-json\/wp\/v2\/pages\/46"}],"wp:attachment":[{"href":"https:\/\/www.tenay.com.tr\/en\/wp-json\/wp\/v2\/media?parent=133"}],"curies":[{"name":"wp","href":"https:\/\/api.w.org\/{rel}","templated":true}]}}