{"id":128,"date":"2017-09-13T14:37:40","date_gmt":"2017-09-13T11:37:40","guid":{"rendered":"http:\/\/www.tenay.com.tr\/?page_id=128"},"modified":"2017-09-15T15:34:09","modified_gmt":"2017-09-15T12:34:09","slug":"kalite-kontrol-karar-destek-sistemi","status":"publish","type":"page","link":"https:\/\/www.tenay.com.tr\/en\/urunler\/kalite-kontrol-karar-destek-sistemi\/","title":{"rendered":"Quality Control Decision Support System"},"content":{"rendered":"<strong>Quality Control Decision Support System<\/strong><\/p>\n<ul>\n<li style=\"text-align: justify;\">Windows 9X\/NT\/Me\/2000 tabanl\u0131 yaz\u0131l\u0131m<\/li>\n<li style=\"text-align: justify;\">Cihazlara ve test gruplar\u0131na g\u00f6re s\u0131n\u0131rs\u0131z kontrol serumu tan\u0131m\u0131<\/li>\n<li style=\"text-align: justify;\">Her g\u00fcn s\u0131n\u0131rs\u0131z say\u0131da kontrol de\u011feri girebilme<\/li>\n<li style=\"text-align: justify;\">LAB Asistan&#8217;dan ba\u011f\u0131ms\u0131z \u00e7al\u0131\u015fabilme yetene\u011fi<\/li>\n<li style=\"text-align: justify;\">LAB Asistan 1.0 ile birlikte cal\u0131\u015ft\u0131\u011f\u0131nda kontrol de\u011ferlerinin otomatik olarak cihazlardan al\u0131nmas\u0131<\/li>\n<li style=\"text-align: justify;\">Westgard kurallar\u0131na tam uyumlu kontrol mekanizmas\u0131<\/li>\n<li style=\"text-align: justify;\">Kontrol sonu\u00e7lar\u0131n\u0131n ortalama, SD, SDI, CV% de\u011ferlerini tek bir formda g\u00f6rebilme<\/li>\n<li style=\"text-align: justify;\">Westgard kurallar\u0131na uymayan her durumda uyar\u0131 mekanizmas\u0131 ve t\u00fcm uyar\u0131ar\u0131n ileride incelenmek \u00fczere bir log dosyas\u0131nda tutulmas\u0131<\/li>\n<li style=\"text-align: justify;\">\u0130stedi\u011finiz tarihlerde tek bir test veya t\u00fcm testler icin Levy-Jennings grafiklerini alabilme<\/li>\n<li style=\"text-align: justify;\">\u0130stenirse tek bir testi, istenirse de t\u00fcm testlerin Levy-Jennings grafi\u011fini tek bir ekranda g\u00f6r\u00fclebilmesi<\/li>\n<li style=\"text-align: justify;\">\u0130stenilen tarihler arasinda CuSum grafi\u011fi \u00e7izilebilmesi<\/li>\n<li style=\"text-align: justify;\">\u00c7al\u0131\u015fma s\u0131ras\u0131nda testlerin s\u0131ralamas\u0131n\u0131 her test grubuna g\u00f6re ayr\u0131 ayr\u0131 tan\u0131mlayabilme<\/li>\n<li style=\"text-align: justify;\">Windows\u00ae\u2019un MDI (Multiple Document Interface) tekni\u011fi sayesinde t\u00fcm formlar (ekranlar) aras\u0131nda kolay dola\u015f\u0131m.<\/li>\n<\/ul>","protected":false},"excerpt":{"rendered":"<p>Quality Control Decision Support System Windows 9X\/NT\/Me\/2000 tabanl\u0131 yaz\u0131l\u0131m Cihazlara ve test gruplar\u0131na g\u00f6re s\u0131n\u0131rs\u0131z kontrol serumu tan\u0131m\u0131 Her g\u00fcn s\u0131n\u0131rs\u0131z say\u0131da kontrol de\u011feri girebilme LAB Asistan&#8217;dan ba\u011f\u0131ms\u0131z \u00e7al\u0131\u015fabilme yetene\u011fi LAB Asistan 1.0 ile birlikte cal\u0131\u015ft\u0131\u011f\u0131nda kontrol de\u011ferlerinin otomatik olarak cihazlardan al\u0131nmas\u0131 Westgard kurallar\u0131na tam uyumlu kontrol mekanizmas\u0131 Kontrol sonu\u00e7lar\u0131n\u0131n ortalama, SD, SDI, CV% de\u011ferlerini [&hellip;]<\/p>\n","protected":false},"author":1,"featured_media":0,"parent":46,"menu_order":2,"comment_status":"closed","ping_status":"closed","template":"","meta":{"footnotes":""},"class_list":["post-128","page","type-page","status-publish","hentry"],"_links":{"self":[{"href":"https:\/\/www.tenay.com.tr\/en\/wp-json\/wp\/v2\/pages\/128","targetHints":{"allow":["GET"]}}],"collection":[{"href":"https:\/\/www.tenay.com.tr\/en\/wp-json\/wp\/v2\/pages"}],"about":[{"href":"https:\/\/www.tenay.com.tr\/en\/wp-json\/wp\/v2\/types\/page"}],"author":[{"embeddable":true,"href":"https:\/\/www.tenay.com.tr\/en\/wp-json\/wp\/v2\/users\/1"}],"replies":[{"embeddable":true,"href":"https:\/\/www.tenay.com.tr\/en\/wp-json\/wp\/v2\/comments?post=128"}],"version-history":[{"count":6,"href":"https:\/\/www.tenay.com.tr\/en\/wp-json\/wp\/v2\/pages\/128\/revisions"}],"predecessor-version":[{"id":354,"href":"https:\/\/www.tenay.com.tr\/en\/wp-json\/wp\/v2\/pages\/128\/revisions\/354"}],"up":[{"embeddable":true,"href":"https:\/\/www.tenay.com.tr\/en\/wp-json\/wp\/v2\/pages\/46"}],"wp:attachment":[{"href":"https:\/\/www.tenay.com.tr\/en\/wp-json\/wp\/v2\/media?parent=128"}],"curies":[{"name":"wp","href":"https:\/\/api.w.org\/{rel}","templated":true}]}}