{"id":124,"date":"2017-09-13T14:34:38","date_gmt":"2017-09-13T11:34:38","guid":{"rendered":"http:\/\/www.tenay.com.tr\/?page_id=124"},"modified":"2017-09-15T15:25:27","modified_gmt":"2017-09-15T12:25:27","slug":"laboratuvar-bilgi-sistemi","status":"publish","type":"page","link":"https:\/\/www.tenay.com.tr\/en\/urunler\/laboratuvar-bilgi-sistemi\/","title":{"rendered":"Laboratory Information System"},"content":{"rendered":"<p style=\"text-align: justify;\">LAB Asistan, laboratuvara \u00f6rne\u011fin giri\u015finden, hastalara sonu\u00e7lar\u0131n ula\u015fmas\u0131na kadar olan \u00e7evrimi y\u00f6neten bir bilgi sistemidir.<\/p>\n<p style=\"text-align: justify; padding-left: 30px;\">Numune kabul\u00fc ile beraber barkodlama.<br \/>\nManuel serum ay\u0131rma s\u0131ras\u0131nda barkodlama.<br \/>\nT\u00fcm laboratuvar cihazlar\u0131n\u0131zla entegrasyon.<br \/>\nGeli\u015fmi\u015f laboratuvar y\u00f6netimi fonksiyonlar\u0131.<\/p>\n<ul style=\"text-align: justify;\">\n<li>\u00c7al\u0131\u015fma ve sonu\u00e7 verme h\u0131z\u0131n\u0131z\u0131 art\u0131r\u0131r.<\/li>\n<li>Verimlili\u011finizi art\u0131r\u0131r.<\/li>\n<li>Hastane Bilgi Sisteminizdeki verileri al\u0131r ve cihazlar\u0131n\u0131za yeniden bilgi girmenizi engeller. (Bu se\u00e7enek ancak HBS ekibi ile yap\u0131lacak bir \u00e7al\u0131\u015fma sonucu ger\u00e7ekle\u015febilir) Bu sayede sonu\u00e7lar\u0131n\u0131z\u0131n servis ve polikliniklerinizden g\u00f6r\u00fclebimesini sa\u011flar.<\/li>\n<li>Sonu\u00e7lar\u0131n\u0131z\u0131 \u00e7ok uzun s\u00fcre saklaman\u0131z\u0131 sa\u011flar. Sizi sonu\u00e7 aramaktan kurtar\u0131r.<\/li>\n<li>Hastalar\u0131n t\u00fcm testlerinin sonu\u00e7lari ayn\u0131 raporda verilir (\u00d6rnegin biyokimya, CBC ve idrar sonucu hastaya ayn\u0131 sayfada verilir).<\/li>\n<li>Hastalar\u0131-\u0131n eski sonu\u00e7lar\u0131n\u0131 hi\u00e7 zaman kaybetmeden vermenizi sa\u011flar.<\/li>\n<li>Laboratuvar\u0131n\u0131zdaki t\u00fcm testleri tek bir noktadan kontrol eder ve y\u00f6netir.<\/li>\n<li>Bir hastan\u0131n ge\u00e7mi\u015fine ait genel durumunu takip eder ve test sonu\u00e7lar\u0131n\u0131 grafik olarak verir.<\/li>\n<li>Laboratuvar\u0131n\u0131za g\u00f6re \u00f6zelle\u015ftirilebilir.<\/li>\n<li>Personelinizi yetkilendirerek, her birimin isini birbirinden ayirir (\u00d6rnegin CBC operat\u00f6r\u00fc, bir hastan\u0131n biyokimya sonu\u00e7lar\u0131na bakamaz ve\/veya de\u011fi\u015ftiremez).<\/li>\n<li>T\u00fcm birimlerinizin kalite kontrol datalar\u0131n\u0131z\u0131 tek bir yaz\u0131l\u0131mdan y\u00f6netmenizi sa\u011flar.<\/li>\n<\/ul>\n<ul>\n<li style=\"text-align: justify;\"><a href=\"http:\/\/www.tenay.com.tr\/urunler\/laboratuvar-bilgi-sistemi\/calisma-prensibi\/\">\u00c7al\u0131\u015fma Prensibi<\/a><\/li>\n<li style=\"text-align: justify;\"><a href=\"http:\/\/www.tenay.com.tr\/urunler\/laboratuvar-bilgi-sistemi\/teknik-ozellikler\/\">Teknik \u00d6zellikler<\/a><\/li>\n<li style=\"text-align: justify;\"><a href=\"http:\/\/www.tenay.com.tr\/urunler\/laboratuvar-bilgi-sistemi\/lab-asistana-baglanabilen-analizorler\/\">LAB Asistan&#8217;a Ba\u011flanabilen Analiz\u00f6rler<\/a><\/li>\n<li style=\"text-align: justify;\"><a href=\"http:\/\/www.tenay.com.tr\/wp-content\/uploads\/2017\/09\/LAB_Asistan.pdf\" target=\"_blank\" rel=\"noopener\">LAB Asistan \u00dcr\u00fcn Bro\u015f\u00fcr\u00fc (PDF)<\/a><\/li>\n<\/ul>\n","protected":false},"excerpt":{"rendered":"<p>LAB Asistan, laboratuvara \u00f6rne\u011fin giri\u015finden, hastalara sonu\u00e7lar\u0131n ula\u015fmas\u0131na kadar olan \u00e7evrimi y\u00f6neten bir bilgi sistemidir. Numune kabul\u00fc ile beraber barkodlama. Manuel serum ay\u0131rma s\u0131ras\u0131nda barkodlama. T\u00fcm laboratuvar cihazlar\u0131n\u0131zla entegrasyon. Geli\u015fmi\u015f laboratuvar y\u00f6netimi fonksiyonlar\u0131. \u00c7al\u0131\u015fma ve sonu\u00e7 verme h\u0131z\u0131n\u0131z\u0131 art\u0131r\u0131r. Verimlili\u011finizi art\u0131r\u0131r. Hastane Bilgi Sisteminizdeki verileri al\u0131r ve cihazlar\u0131n\u0131za yeniden bilgi girmenizi engeller. (Bu se\u00e7enek ancak [&hellip;]<\/p>\n","protected":false},"author":1,"featured_media":0,"parent":46,"menu_order":1,"comment_status":"closed","ping_status":"closed","template":"","meta":{"footnotes":""},"class_list":["post-124","page","type-page","status-publish","hentry"],"_links":{"self":[{"href":"https:\/\/www.tenay.com.tr\/en\/wp-json\/wp\/v2\/pages\/124","targetHints":{"allow":["GET"]}}],"collection":[{"href":"https:\/\/www.tenay.com.tr\/en\/wp-json\/wp\/v2\/pages"}],"about":[{"href":"https:\/\/www.tenay.com.tr\/en\/wp-json\/wp\/v2\/types\/page"}],"author":[{"embeddable":true,"href":"https:\/\/www.tenay.com.tr\/en\/wp-json\/wp\/v2\/users\/1"}],"replies":[{"embeddable":true,"href":"https:\/\/www.tenay.com.tr\/en\/wp-json\/wp\/v2\/comments?post=124"}],"version-history":[{"count":9,"href":"https:\/\/www.tenay.com.tr\/en\/wp-json\/wp\/v2\/pages\/124\/revisions"}],"predecessor-version":[{"id":242,"href":"https:\/\/www.tenay.com.tr\/en\/wp-json\/wp\/v2\/pages\/124\/revisions\/242"}],"up":[{"embeddable":true,"href":"https:\/\/www.tenay.com.tr\/en\/wp-json\/wp\/v2\/pages\/46"}],"wp:attachment":[{"href":"https:\/\/www.tenay.com.tr\/en\/wp-json\/wp\/v2\/media?parent=124"}],"curies":[{"name":"wp","href":"https:\/\/api.w.org\/{rel}","templated":true}]}}