{"id":122,"date":"2017-09-13T14:31:58","date_gmt":"2017-09-13T11:31:58","guid":{"rendered":"http:\/\/www.tenay.com.tr\/?page_id=122"},"modified":"2017-09-15T17:45:26","modified_gmt":"2017-09-15T14:45:26","slug":"hastane-bilgi-sistemi","status":"publish","type":"page","link":"https:\/\/www.tenay.com.tr\/en\/urunler\/hastane-bilgi-sistemi\/","title":{"rendered":"Hospital Information System"},"content":{"rendered":"<p><strong>Genel \u00d6zellikler<\/strong><\/p>\n<ul>\n<li>T\u00fcm mod\u00fcller aras\u0131 tam entegrasyon.<\/li>\n<li>Hasta kabul, sevk, \u00fccretlendirme, faturalama i\u015flemeleri, stok\/demirba\u015f takibi, y\u00f6netim, laboratuvar entegrasyonu.<\/li>\n<li>T\u0131bbi ve mali t\u00fcm i\u015flemlerin bir arada yap\u0131labilmesi.<\/li>\n<li>Hizmet, tan\u0131, malzeme, fatura gibi tan\u0131mlamalarda; farkl\u0131 kod sistemlerini bir arada kullanabilme ve e\u015fle\u015ftirebilme.<\/li>\n<li>Hastanenize g\u00f6re \u00f6zelle\u015ftirilebilir parametrik yap\u0131.<\/li>\n<\/ul>\n<p><strong>MOD\u00dcLLER<\/strong><br \/>\n<strong>Randevu Mod\u00fcl\u00fc<\/strong><\/p>\n<ul>\n<li>Poliklinik randevular\u0131 takibi.<\/li>\n<li>Ameliyat randevusu takibi.<\/li>\n<li>Birime ve hizmete ba\u011fl\u0131 randevu takibi.<\/li>\n<li>Doktor, cihaz baz\u0131nda genel ve \u00f6zel \u00e7al\u0131\u015fma saatleri tan\u0131mlayabilme.<\/li>\n<\/ul>\n<p class=\"mor_yazi\"><strong>Hasta \u0130\u015flemleri Mod\u00fcl\u00fc<\/strong><\/p>\n<ul>\n<li>Hastayla ilgili t\u00fcm ki\u015fisel bilgilerin kayd\u0131.<\/li>\n<li>Hasta kartlar\u0131na, hizmet ve malzeme giri\u015finde kolayl\u0131k.<\/li>\n<li>T\u00fcm geli\u015flere ait medikal ve mali bilgileri izleyebilme ve raporlama.<\/li>\n<li>T\u0131bbi bilgi giri\u015finde tam esneklik.\n<ul>\n<li>Birime, doktora ve i\u015fleme g\u00f6re \u00f6zel bilgi giri\u015fi formlar\u0131 tasarlayabilme.<\/li>\n<li>Formlarda istenildi\u011fi zaman de\u011fi\u015fiklik yapabilme, yeni alanlar ekleyebilme.<\/li>\n<li>Ve t\u00fcm bu i\u015flemleri yaz\u0131l\u0131m koduna ba\u011fl\u0131 olmadan yapabilme.<\/li>\n<\/ul>\n<\/li>\n<li>Poliklinik i\u015flemleri takibi.<\/li>\n<li>Yat\u0131\u015f-taburcu i\u015flemleri ve yatan hasta takibi.<\/li>\n<li>Stok ile tam entegrasyon.<\/li>\n<\/ul>\n<p><strong><span class=\"mor_yazi\">Kurumsal \u0130li\u015fkiler Mod\u00fcl\u00fc <\/span><\/strong><\/p>\n<ul>\n<li>\u00d6deyici kurum tan\u0131mlayabilme.<\/li>\n<li>Hizmet t\u00fcrlerine g\u00f6re \u00f6deme sistemi ve profilleri olu\u015fturabilme.<\/li>\n<li>\u00d6zel hizmet tarifesi tan\u0131mlayabilme (MUTFAK vs.)<\/li>\n<li>\u00d6deme sistemlerine birden fazla tarifeyi i\u00e7eren de\u011fi\u015fken fiyat tan\u0131mlayabilme. (Ameliyatlar = BUT + (TTB\/2) )<\/li>\n<li>\u00d6deme sistemleri ve profiller kurumlarla ili\u015fkilendirme.<\/li>\n<\/ul>\n<p><strong><span class=\"mor_yazi\">Stok\/Demirba\u015f Mod\u00fcl\u00fc<\/span><\/strong><\/p>\n<ul>\n<li>Depo tan\u0131mlama ve seviyelendirme. (Ana (ambar), ihtisas (eczane), u\u00e7 (birimler) )<\/li>\n<li>Depolar aras\u0131 ba\u011flant\u0131lar.<\/li>\n<li>Malzemeye g\u00f6re depo yetkilendirme.<\/li>\n<li>Malzeme ve demirba\u015f tan\u0131mlama ve kodlama.<\/li>\n<li>Personel ve mekana g\u00f6re demirba\u015f tan\u0131m\u0131. (Zimmet)<\/li>\n<li>Eczane malzeme hareketlerinin (ila\u00e7, sarf) takibi.<\/li>\n<\/ul>\n<p><strong><span class=\"mor_yazi\">Sat\u0131n Alma Mod\u00fcl\u00fc<\/span><\/strong><\/p>\n<ul>\n<li>Talep y\u00f6netimi\n<ul>\n<li>Talep olu\u015fturma<\/li>\n<li>De\u011ferlendirme<\/li>\n<\/ul>\n<\/li>\n<li>Sat\u0131n alma s\u00fcreci\n<ul>\n<li>Sat\u0131n alma iste\u011fi ba\u015flatma ve takibi<\/li>\n<li>Sat\u0131n alma ve fiyat ge\u00e7mi\u015fi izleme\n<ul>\n<li>Do\u011frudan al\u0131m<\/li>\n<li>\u0130hale ile al\u0131m<\/li>\n<\/ul>\n<\/li>\n<\/ul>\n<\/li>\n<li>\u00dcretici ve tedarik\u00e7i firma takibi<\/li>\n<li>Malzeme kabul\u00fc ve depo entegrasyonu<\/li>\n<\/ul>\n<p><strong><span class=\"mor_yazi\">Laboratuvar Bilgi Sistemi<\/span><\/strong><\/p>\n<ul>\n<li>Numune kabul\u00fcnde her bir t\u00fcp ve cup i\u00e7in istenilen say\u0131da barkod etiketleri bas\u0131m\u0131<\/li>\n<li>\u0130\u015f listeleriyle \u00e7al\u0131\u015fabilme<\/li>\n<li>Ayn\u0131 anda kabul edilen t\u00fcm numunelere ait sonu\u00e7lar\u0131n bir arada kontrol\u00fc, onay\u0131 ve raporlanmas\u0131<\/li>\n<li>\u0130ki kademeli onay (Teknisyen ve uzman)<\/li>\n<li>Cihazlarla entegrasyon<\/li>\n<li>Kalite kontrol karar destek sistemi\n<ul>\n<li>T\u00fcm cihazlara ait kontrol sonu\u00e7lar\u0131n\u0131n tek noktadan izlenmesi<\/li>\n<li>SD, SDI, CV de\u011ferleri ile Levey-Jennings ve Cu-Sum grafikleri<\/li>\n<\/ul>\n<\/li>\n<\/ul>\n<p><strong><span class=\"mor_yazi\">Personel ve \u0130nsan Kaynaklar\u0131 Mod\u00fcl\u00fc<\/span><\/strong><\/p>\n<ul>\n<li>Personel tan\u0131mlar\u0131<\/li>\n<li>Mesai ve \u00fccretlendirme takibi<\/li>\n<li>Personel giri\u015f-\u00e7\u0131k\u0131\u015f cihazlar\u0131yla uyumluluk<\/li>\n<li>Vardiya olu\u015fturma ve personelle ili\u015fkilendirme<\/li>\n<li>\u0130zin takibi<\/li>\n<\/ul>\n<p><strong><span class=\"mor_yazi\">Sistem Y\u00f6netimi ve G\u00fcvenlik Mod\u00fcl\u00fc<\/span><\/strong><\/p>\n<ul>\n<li>Hastaneye g\u00f6re \u00f6zelle\u015ftirilebilir parametrik yap\u0131<\/li>\n<li>Her a\u015famada yap\u0131lan i\u015flemlerin takip edilmesi (LOG)<\/li>\n<li>Rol destekli kullan\u0131c\u0131 yetkilendirmesi<\/li>\n<li>Baz\u0131 b\u00f6l\u00fcmler i\u00e7in dinamik tan\u0131m deste\u011fi<\/li>\n<\/ul>\n<p><strong><span class=\"mor_yazi\">Mod\u00fcllerin Hastanenize Uyarlanmas\u0131<\/span><\/strong><\/p>\n<ul>\n<li>T\u00fcm mod\u00fcller, hastanenizde yap\u0131lacak fizibilite \u00e7al\u0131\u015fmalar\u0131na g\u00f6re organize edilecektir.<\/li>\n<li>Gerekirse mod\u00fcllerimizde de\u011fi\u015fiklikler yap\u0131lacakt\u0131r.<\/li>\n<\/ul>\n<p><strong><span class=\"mor_yazi\">Entegrasyon<\/span><\/strong><\/p>\n<ul>\n<li>Halen kullan\u0131lan ve\/veya sat\u0131n al\u0131nacak olan t\u00fcm uygulamalar\u0131n\u0131zla \u2013ilgili sistemi geli\u015ftiren ekibin destek vermesi ko\u015fuluyla \u2013 entegrasyon garantisi<\/li>\n<li>Farkl\u0131 sistemlerle haberle\u015febilmek i\u00e7in kulland\u0131\u011f\u0131m\u0131z metodlar:\n<ul>\n<li>HL7 (Health Level 7)<\/li>\n<li>XML<\/li>\n<li>SAP uygulamalar\u0131 i\u00e7in RFC<\/li>\n<li>Veritaban\u0131nda olu\u015fturulacak VIEW veya ge\u00e7ici tablolar<\/li>\n<li>Metin tabanl\u0131 dosyalar (TEXT)<\/li>\n<\/ul>\n<\/li>\n<\/ul>\n","protected":false},"excerpt":{"rendered":"<p>Genel \u00d6zellikler T\u00fcm mod\u00fcller aras\u0131 tam entegrasyon. Hasta kabul, sevk, \u00fccretlendirme, faturalama i\u015flemeleri, stok\/demirba\u015f takibi, y\u00f6netim, laboratuvar entegrasyonu. T\u0131bbi ve mali t\u00fcm i\u015flemlerin bir arada yap\u0131labilmesi. Hizmet, tan\u0131, malzeme, fatura gibi tan\u0131mlamalarda; farkl\u0131 kod sistemlerini bir arada kullanabilme ve e\u015fle\u015ftirebilme. Hastanenize g\u00f6re \u00f6zelle\u015ftirilebilir parametrik yap\u0131. MOD\u00dcLLER Randevu Mod\u00fcl\u00fc Poliklinik randevular\u0131 takibi. Ameliyat randevusu takibi. Birime [&hellip;]<\/p>\n","protected":false},"author":1,"featured_media":0,"parent":46,"menu_order":0,"comment_status":"closed","ping_status":"closed","template":"Page-fullwidth.php","meta":{"footnotes":""},"class_list":["post-122","page","type-page","status-publish","hentry"],"_links":{"self":[{"href":"https:\/\/www.tenay.com.tr\/en\/wp-json\/wp\/v2\/pages\/122","targetHints":{"allow":["GET"]}}],"collection":[{"href":"https:\/\/www.tenay.com.tr\/en\/wp-json\/wp\/v2\/pages"}],"about":[{"href":"https:\/\/www.tenay.com.tr\/en\/wp-json\/wp\/v2\/types\/page"}],"author":[{"embeddable":true,"href":"https:\/\/www.tenay.com.tr\/en\/wp-json\/wp\/v2\/users\/1"}],"replies":[{"embeddable":true,"href":"https:\/\/www.tenay.com.tr\/en\/wp-json\/wp\/v2\/comments?post=122"}],"version-history":[{"count":9,"href":"https:\/\/www.tenay.com.tr\/en\/wp-json\/wp\/v2\/pages\/122\/revisions"}],"predecessor-version":[{"id":347,"href":"https:\/\/www.tenay.com.tr\/en\/wp-json\/wp\/v2\/pages\/122\/revisions\/347"}],"up":[{"embeddable":true,"href":"https:\/\/www.tenay.com.tr\/en\/wp-json\/wp\/v2\/pages\/46"}],"wp:attachment":[{"href":"https:\/\/www.tenay.com.tr\/en\/wp-json\/wp\/v2\/media?parent=122"}],"curies":[{"name":"wp","href":"https:\/\/api.w.org\/{rel}","templated":true}]}}