{"id":101,"date":"2017-09-13T09:40:22","date_gmt":"2017-09-13T06:40:22","guid":{"rendered":"http:\/\/www.tenay.com.tr\/?page_id=101"},"modified":"2017-12-06T17:27:56","modified_gmt":"2017-12-06T14:27:56","slug":"sss","status":"publish","type":"page","link":"https:\/\/www.tenay.com.tr\/en\/sss\/","title":{"rendered":"FAQ"},"content":{"rendered":"<strong>Frequently Asked Questions<\/strong><\/p>\n<ol>\n<li><strong>Tenay Yaz\u0131l\u0131m\u2019\u0131n \u00e7al\u0131\u015fma alanlar\u0131 nedir?<\/strong><br \/>\nSa\u011fl\u0131k Bilgi Sistemleri alan\u0131nda \u00f6zel yaz\u0131l\u0131mlar geli\u015ftirmek amac\u0131yla kurulan firmam\u0131z; \u201cKlinik Destek Sistemleri\u201d ve \u201cKlinik Departmantal Sistemler\u201d \u00fczerinde uzmanla\u015fmak i\u00e7in \u00e7al\u0131\u015fmalar\u0131na ba\u015flam\u0131\u015f olup, g\u00fcn\u00fcm\u00fczde Sa\u011fl\u0131k Bilgi Sistemleri\u2019nin bir \u00e7ok alan\u0131nda yaz\u0131l\u0131mlar geli\u015ftirmektedir.<\/li>\n<li><strong>\u015eirketin deneyimi nedir?<\/strong><br \/>\n1998 y\u0131l\u0131nda kurulan \u015firketimiz; Laboratuvar Bilgi Y\u00f6netim Sistemi, Hastane Bilgi Y\u00f6netim Sistemi, Kan Merkezi Bilgi Sistemi, G\u0131da Laboratuvar\u0131 Bilgi Sistemi konusunda uzmanla\u015fm\u0131\u015f olup, s\u0131f\u0131rdan proje olu\u015fturma ve dan\u0131\u015fmanl\u0131k hizmetleri vermektedir.<\/li>\n<li><strong>Tenay Yaz\u0131l\u0131m hangi yeterlilik ve kalite belgelerine sahip ?<\/strong><br \/>\nTS 13149 Hizmet Yeterlilik Belgesi<br \/>\nTS EN ISO 27001:2013 Bilgi G\u00fcvenli\u011fi Y\u00f6netim Sistemi<br \/>\nTS ISO\/IEC 15504 SPICE \/ Yaz\u0131l\u0131m S\u00fcre\u00e7 \u0130yile\u015ftirme ve Yeterlilik Belirleme<\/li>\n<li><strong>Hangi uygulamalarla hizmet veriliyor ?<\/strong><br \/>\nLAB Asistan, Tenay HBS, QC Asistan, G\u0131da Asistan, Tenay KanBank uygulamalar\u0131 halen hizmet verilen yaz\u0131l\u0131m \u00fcr\u00fcnleridir.<\/li>\n<li><strong>Tenay Yaz\u0131l\u0131m&#8217;da M\u00fc\u015fterilere teknik destek nas\u0131l veriliyor ?<\/strong><br \/>\nA\u015fa\u011f\u0131daki kanallar \u00fczerinden destek verilmektedir.<\/p>\n<ol>\n<li><strong>\u00a0Mesai saatleri i\u00e7inde 444 0 528 nolu telefonumuz<\/strong><\/li>\n<li><strong>7 g\u00fcn\/24 saat Online Jira \u0130\u015f Takip Sistemi<\/strong><\/li>\n<li><strong>7 g\u00fcn\/24 saat Telefon<\/strong><\/li>\n<li><strong>7 g\u00fcn\/24 saat E-Mail \u2013 destek@tenay.com.tr<\/strong><\/li>\n<\/ol>\n<\/li>\n<li><strong>Yaz\u0131l\u0131mlarla ilgili herhangi bir sorunda nas\u0131l destek alabilirim?<\/strong><br \/>\nTenay uygulamalar\u0131na destek i\u00e7in 444 0 528 nolu telefonumuzu arayabilir, e\u011fer kullan\u0131c\u0131 ad\u0131 ve \u015fifreniz var ise jira.tenay.com.tr adresinden talep a\u00e7abilir veya destek@tenay.com.tr adresine e-posta g\u00f6nderebilirsiniz.<\/li>\n<\/ol>","protected":false},"excerpt":{"rendered":"<p>Frequently Asked Questions Tenay Yaz\u0131l\u0131m\u2019\u0131n \u00e7al\u0131\u015fma alanlar\u0131 nedir? Sa\u011fl\u0131k Bilgi Sistemleri alan\u0131nda \u00f6zel yaz\u0131l\u0131mlar geli\u015ftirmek amac\u0131yla kurulan firmam\u0131z; \u201cKlinik Destek Sistemleri\u201d ve \u201cKlinik Departmantal Sistemler\u201d \u00fczerinde uzmanla\u015fmak i\u00e7in \u00e7al\u0131\u015fmalar\u0131na ba\u015flam\u0131\u015f olup, g\u00fcn\u00fcm\u00fczde Sa\u011fl\u0131k Bilgi Sistemleri\u2019nin bir \u00e7ok alan\u0131nda yaz\u0131l\u0131mlar geli\u015ftirmektedir. \u015eirketin deneyimi nedir? 1998 y\u0131l\u0131nda kurulan \u015firketimiz; Laboratuvar Bilgi Y\u00f6netim Sistemi, Hastane Bilgi Y\u00f6netim Sistemi, [&hellip;]<\/p>\n","protected":false},"author":1,"featured_media":0,"parent":0,"menu_order":999,"comment_status":"closed","ping_status":"closed","template":"","meta":{"footnotes":""},"class_list":["post-101","page","type-page","status-publish","hentry"],"_links":{"self":[{"href":"https:\/\/www.tenay.com.tr\/en\/wp-json\/wp\/v2\/pages\/101","targetHints":{"allow":["GET"]}}],"collection":[{"href":"https:\/\/www.tenay.com.tr\/en\/wp-json\/wp\/v2\/pages"}],"about":[{"href":"https:\/\/www.tenay.com.tr\/en\/wp-json\/wp\/v2\/types\/page"}],"author":[{"embeddable":true,"href":"https:\/\/www.tenay.com.tr\/en\/wp-json\/wp\/v2\/users\/1"}],"replies":[{"embeddable":true,"href":"https:\/\/www.tenay.com.tr\/en\/wp-json\/wp\/v2\/comments?post=101"}],"version-history":[{"count":12,"href":"https:\/\/www.tenay.com.tr\/en\/wp-json\/wp\/v2\/pages\/101\/revisions"}],"predecessor-version":[{"id":560,"href":"https:\/\/www.tenay.com.tr\/en\/wp-json\/wp\/v2\/pages\/101\/revisions\/560"}],"wp:attachment":[{"href":"https:\/\/www.tenay.com.tr\/en\/wp-json\/wp\/v2\/media?parent=101"}],"curies":[{"name":"wp","href":"https:\/\/api.w.org\/{rel}","templated":true}]}}